{"id":24941,"date":"2022-10-09T15:20:08","date_gmt":"2022-10-09T15:20:08","guid":{"rendered":"https:\/\/www.helpforafricanstudents.org\/?page_id=24941"},"modified":"2022-10-09T15:20:08","modified_gmt":"2022-10-09T15:20:08","slug":"gender-studies-list-of-free-journal-articles","status":"publish","type":"page","link":"https:\/\/www.helpforafricanstudents.org\/fr\/gender-studies-list-of-free-journal-articles\/","title":{"rendered":"GENDER STUDIES- list of free journal articles"},"content":{"rendered":"<div class=\"boldgrid-section\">\n<div class=\"container\">\n<div class=\"row\">\n<div class=\"col-lg-12 col-md-12 col-xs-12 col-sm-12\">\n<h1 class=\"\"><strong>OPENED ACCESS&nbsp;JOURNALS FIELD GENDER STUDIES <\/strong><\/h1>\n<p class=\"\">Below you have all sorts of journals offering their publications FREE to all.<\/p>\n<p>Your next step? check them out one by one using Google<\/p>\n<p>Here is the list&nbsp;:<\/p>\n<ol class=\"\">\n<li>Advancing Women in Leadership<\/li>\n<li>Canadian Online Journal of Queer Studies in Education<\/li>\n<li>CW3: Corvey Women Writers on the Web<\/li>\n<li>Electronic Journal of Human Sexuality<\/li>\n<li>Gay and Lesbian Issues and Psychology Review<\/li>\n<li>Gender Forum<\/li>\n<li>Genders<\/li>\n<li>Genre, sexualit\u00e9 et soci\u00e9t\u00e9<\/li>\n<li>anguage: French<\/li>\n<li>International Family Planning Perspectives<\/li>\n<li>International Journal of Gender, Science and Technology<\/li>\n<li>Journal of International Women&#8217;s Studies<\/li>\n<li>Journal of Men, Masculinities and Spirituality<\/li>\n<li>Lectio Difficilior<\/li>\n<li>anguage: German, English, French<\/li>\n<li>Nineteenth-Century Gender Studies<\/li>\n<li>Outskirts: Feminisms along the Edge<\/li>\n<li>The Scholar &amp; Feminist Online<\/li>\n<li>Storia delle Donne<\/li>\n<li>anguage: Italian, French<\/li>\n<li>Thirdspace : a Journal of Feminist Theory &amp; Culture<\/li>\n<li>Visual Culture &amp; Gender<\/li>\n<li>Women in Judaism : A Multidisciplinary Journal<\/li>\n<li>Women&#8217;s Health &amp; Urban Life<\/li>\n<\/ol>\n<\/div>\n<\/div>\n<\/div>\n<\/div>","protected":false},"excerpt":{"rendered":"<p>OPENED ACCESS&nbsp;JOURNALS FIELD GENDER STUDIES Below you have all sorts of journals offering their publications FREE to all. Your next [&hellip;]<\/p>\n","protected":false},"author":1,"featured_media":0,"parent":0,"menu_order":0,"comment_status":"closed","ping_status":"closed","template":"","meta":{"_eb_attr":"","footnotes":""},"class_list":["post-24941","page","type-page","status-publish"],"_links":{"self":[{"href":"https:\/\/www.helpforafricanstudents.org\/fr\/wp-json\/wp\/v2\/pages\/24941","targetHints":{"allow":["GET"]}}],"collection":[{"href":"https:\/\/www.helpforafricanstudents.org\/fr\/wp-json\/wp\/v2\/pages"}],"about":[{"href":"https:\/\/www.helpforafricanstudents.org\/fr\/wp-json\/wp\/v2\/types\/page"}],"author":[{"embeddable":true,"href":"https:\/\/www.helpforafricanstudents.org\/fr\/wp-json\/wp\/v2\/users\/1"}],"replies":[{"embeddable":true,"href":"https:\/\/www.helpforafricanstudents.org\/fr\/wp-json\/wp\/v2\/comments?post=24941"}],"version-history":[{"count":1,"href":"https:\/\/www.helpforafricanstudents.org\/fr\/wp-json\/wp\/v2\/pages\/24941\/revisions"}],"predecessor-version":[{"id":24952,"href":"https:\/\/www.helpforafricanstudents.org\/fr\/wp-json\/wp\/v2\/pages\/24941\/revisions\/24952"}],"wp:attachment":[{"href":"https:\/\/www.helpforafricanstudents.org\/fr\/wp-json\/wp\/v2\/media?parent=24941"}],"curies":[{"name":"wp","href":"https:\/\/api.w.org\/{rel}","templated":true}]}}