{"id":23606,"date":"2022-08-11T10:46:55","date_gmt":"2022-08-11T10:46:55","guid":{"rendered":"https:\/\/www.helpforafricanstudents.org\/?page_id=23606"},"modified":"2022-08-12T09:26:58","modified_gmt":"2022-08-12T09:26:58","slug":"le-futur-bachelier","status":"publish","type":"page","link":"https:\/\/www.helpforafricanstudents.org\/fr\/le-futur-bachelier\/","title":{"rendered":"FUTUR BACHELIER"},"content":{"rendered":"<div class=\"tmpl-call_to_action-15 boldgrid-section dynamic-gridblock background-fixed\" style=\"background-position: 50% 50%; background-size: cover; background-image: url('https:\/\/www.helpforafricanstudents.org\/wp-content\/uploads\/2022\/08\/ixlibrb-0.3.5q80fmjpgcropentropycstinysrgbw1600h900fitcrops5baaadbd532d4e6d01ab1abd746639e7.jpg');\" data-image-url=\"https:\/\/www.helpforafricanstudents.org\/wp-content\/uploads\/2022\/08\/ixlibrb-0.3.5q80fmjpgcropentropycstinysrgbw1600h900fitcrops5baaadbd532d4e6d01ab1abd746639e7.jpg\">\n<div class=\"container-fluid\">\n<div class=\"row\" style=\"padding-top: 20px; padding-bottom: 20px; background-image: linear-gradient(to left, #000000, #000000);\" data-bg-color-1=\"#000000\" data-bg-color-2=\"#000000\" data-bg-direction=\"to left\">\n<div class=\"col-md-2 col-sm-3 col-xs-12 align-column-center col-lg-2\" style=\"padding: 1em 2em;\">\n<h4 class=\"\" style=\"text-transform: uppercase;\"><span style=\"color: #ffffff;\">COIN BAC 2023<\/span><\/h4>\n<p class=\"\"><span style=\"color: #99ccff;\">Ce site a \u00e9t\u00e9 cr\u00e9ee et est maintenu par l\u2019ONG am\u00e9ricaine HelpforAfricanStudents, Inc<\/span><\/p>\n<\/div>\n<div class=\"col-md-9 col-sm-8 col-xs-12 align-column-center color4-border-color col-lg-9\" style=\"padding: 1em 2em; border-left: 5px solid;\">\n<h1 class=\"\" style=\"font-size: 42px;\"><span style=\"color: #ffffff;\">LE COIN DU FUTUR BACHELIER (2023)<\/span><\/h1>\n<p class=\"\" style=\"color: #eeee22; font-size: 21px;\">Plus de 1000 exercices tous corrig\u00e9s en SVT, Physiques , math\u00e9matiques, chimie &nbsp;<\/p>\n<p class=\"\"><a class=\"btn-color-4 btn btn-uppercase btn-rounded btn-regular\" href=\"https:\/\/www.helpforafricanstudents.org\/fr\/1000tests\/\">cree ton compte<\/a><\/p>\n<\/div>\n<\/div>\n<div class=\"row\" style=\"padding-top: 250px; background-image: url('https:\/\/www.helpforafricanstudents.org\/wp-content\/uploads\/2019\/11\/helpforafricanstudents-Inc-3.jpeg'); background-size: cover; background-position: 50% 50%;\" data-image-url=\"https:\/\/www.helpforafricanstudents.org\/wp-content\/uploads\/2019\/11\/helpforafricanstudents-Inc-3.jpeg\">\n<div class=\"col-md-12 col-sm-12 col-xs-12 col-lg-12\"><\/div>\n<\/div>\n<div class=\"row wow slideInUp color5-background-color color-5-text-contrast bg-background-color\" data-wow-duration=\"1.5s\" data-wow-delay=\"1s\" style=\"padding-top: 20px; padding-bottom: 20px;\">\n<div class=\"col-md-1 col-sm-12 col-xs-12 col-lg-1\"><\/div>\n<div class=\"col-md-10 col-sm-12 col-xs-12 col-lg-8\">\n<div class=\"row\">\n<div class=\"col-md-4 col-sm-4 col-xs-12 color4-border-color col-lg-4\" style=\"padding: 1em 2em; border-right: 2px solid;\">\n<div>\n<h2 class=\"\" style=\"text-transform: uppercase; margin-top: 0px; font-family: 'Gravitas One'; font-weight: 400; font-size: 28px;\" data-font-family=\"Gravitas One\" data-font-weight=\"400\" data-font-style=\"\">exercises corriges (terminale)<\/h2>\n<p>PLUS DE 10000 EXERCISES TOUS CORRIGES EN Math\u00e9matiques, SVT, Physiques, et Chimie, POUR LES CLASSES&nbsp; TERMINALES C, D, A et E<\/p>\n<p class=\"\" style=\"margin-top: 20px;\"><a class=\"btn-color-4 btn btn-uppercase btn-rounded btn-regular\" href=\"https:\/\/www.helpforafricanstudents.org\/fr\/1000tests\/\">CLIQUEZ-ICI<\/a><\/p>\n<\/div>\n<\/div>\n<div class=\"col-md-4 col-sm-4 col-xs-12 color4-border-color col-lg-4\" style=\"padding: 1em 2em; border-right: 2px solid;\">\n<div>\n<h2 class=\"\" style=\"text-transform: uppercase; margin-top: 0px; font-family: 'Gravitas One'; font-weight: 400; font-size: 27px; text-align: center;\" data-font-family=\"Gravitas One\" data-font-weight=\"400\" data-font-style=\"\">info etudes a l&#8217;etranger<\/h2>\n<p class=\"\">Ici vous trouverez toutes les informations que vous pour une excellente exp\u00e9rience \u00e0 l\u2019\u00e9tranger. Et si vous visez les Etats-Unis ou le canada, vous b\u00e9n\u00e9ficierez d\u2019une assistance gratuite ou presque de la part de notre ONG dans le traitement de votre dossier<\/p>\n<p class=\"\" style=\"margin-top: 20px;\"><a class=\"btn-color-4 btn btn-uppercase btn-rounded btn-regular\" href=\"#\">CLIQUEZ-ICI<\/a><\/p>\n<\/div>\n<\/div>\n<div class=\"col-md-4 col-sm-4 col-xs-12 col-lg-4\" style=\"padding: 1em 2em;\">\n<div>\n<h2 class=\"\" style=\"text-transform: uppercase; margin-top: 0px; font-family: 'Gravitas One'; font-weight: 400; font-size: 25px;\" data-font-family=\"Gravitas One\" data-font-weight=\"400\" data-font-style=\"\">BOURSES D&#8217;ETUDES<\/h2>\n<p>Obtenir une bourse d\u2019\u00e9tudes pour l\u2019\u00e9tranger est extr\u00eamement difficile. Pour ceux qui veulent s\u2019y essayer, ici, vous trouverez les informations concernant quelques-unes.<\/p>\n<p class=\"\" style=\"margin-top: 20px;\"><a class=\"btn-color-4 btn btn-uppercase btn-rounded btn-regular\" href=\"#\">CLIQUEZ-ICI<\/a><\/p>\n<\/div>\n<\/div>\n<\/div>\n<\/div>\n<div class=\"col-md-1 col-sm-12 col-xs-12 col-lg-2\">\n<h2 class=\"\" style=\"text-transform: uppercase; margin-top: 0px; font-family: 'Gravitas One'; font-weight: 400; font-size: 25px;\" data-font-family=\"Gravitas One\" data-font-weight=\"400\" data-font-style=\"\">carriers professionelles<\/h2>\n<p class=\"\">Toutes les fili\u00e8res acad\u00e9miques ne conduisent pas \u00e0 une excellente carri\u00e8re. \u00c7a c\u2019est un fait que de nombreux jeunes qui s\u2019embarquent sans r\u00e9fl\u00e9chir dans de longues \u00e9tudes d\u00e9couvrent trop tard. Ici, vous trouverez l\u2019assistance n\u00e9cessaire.<\/p>\n<p class=\"\" style=\"margin-top: 20px;\"><a class=\"btn-color-4 btn btn-uppercase btn-rounded btn-regular\" href=\"#\">CLIQUEZ-ICI<\/a><\/p>\n<\/div>\n<\/div>\n<\/div>\n<\/div>\n<div class=\"color4-background-color color-4-text-contrast bg-background-color tmpl-contact-7 boldgrid-section dynamic-gridblock\">\n<div class=\"container\">\n<div class=\"row\" style=\"padding-top: 25px;\">\n<div class=\"col-md-12 col-sm-12 col-xs-12 col-lg-12\">\n<h2 class=\"\" style=\"text-align: center;\">que pouvons nous faire pour vous aujourdhui?<\/h2>\n<h4 class=\"\" style=\"text-align: center;\">Faites une selection plus bas<\/h4>\n<\/div>\n<\/div>\n<div class=\"row\" style=\"padding-top: 15px;\">\n<div class=\"col-md-4 col-sm-4 col-xs-12 text-center col-lg-4\">\n<div class=\"bg-box\">\n<p class=\"\"><i class=\"fa color3-color fa-dollar\" style=\"font-size: 80px;\" aria-hidden=\"true\"><span style=\"display: none;\">&nbsp;<\/span><\/i><\/p>\n<h3 class=\"\">bourses d&#8217;etudes<\/h3>\n<p class=\"\">Lorem ipsum dolor sit amet, consectetur adipiscing elit. Nullam eu dignissim tortor, sit amet bibendum lacus. Lorem ipsum dolor sit amet, consectetur adipiscing elit.<\/p>\n<p class=\"\" style=\"margin: 25px 0;\"><a class=\"btn-color-3 btn btn-capitalize btn-pill btn-regular\" href=\"#\">Request Demo<\/a><\/p>\n<\/div>\n<\/div>\n<div class=\"col-md-4 col-sm-4 col-xs-12 text-center col-lg-4\">\n<div class=\"bg-box\">\n<p class=\"\"><i class=\"fa color3-color fa-fighter-jet\" style=\"font-size: 80px;\" aria-hidden=\"true\"><span style=\"display: none;\">&nbsp;<\/span><\/i><\/p>\n<h3 class=\"\">deposez un dossier<\/h3>\n<p class=\"\">Lorem ipsum dolor sit amet, consectetur adipiscing elit. Nullam eu dignissim tortor, sit amet bibendum lacus. Lorem ipsum dolor sit amet, consectetur adipiscing elit.<\/p>\n<p class=\"\" style=\"margin: 25px 0;\"><a class=\"btn-color-3 btn btn-capitalize btn-pill btn-regular\" href=\"#\">New Inquiry<\/a><\/p>\n<\/div>\n<\/div>\n<div class=\"col-md-4 col-sm-4 col-xs-12 text-center col-lg-4\">\n<div class=\"bg-box\">\n<p class=\"\"><i class=\"fa color3-color fa-caret-square-o-right\" style=\"font-size: 80px;\" aria-hidden=\"true\"><span style=\"display: none;\">&nbsp;<\/span><\/i><\/p>\n<h3 class=\"\">youtube (videos)<\/h3>\n<p class=\"\">Lorem ipsum dolor sit amet, consectetur adipiscing elit. Nullam eu dignissim tortor, sit amet bibendum lacus. Lorem ipsum dolor sit amet, consectetur adipiscing elit.<\/p>\n<p class=\"\" style=\"margin: 25px 0;\"><a class=\"btn-color-3 btn btn-capitalize btn-pill btn-regular\" href=\"#\">Contact Us<\/a><\/p>\n<\/div>\n<\/div>\n<\/div>\n<\/div>\n<\/div>\n<div class=\"tmpl-team-4 boldgrid-section dynamic-gridblock\" style=\"background-image: linear-gradient(#000000, #53346d);\" data-bg-color-1=\"#000000\" data-bg-color-2=\"#53346D\" data-bg-direction=\"to bottom\">\n<div class=\"container\">\n<div class=\"row\" style=\"padding-top: 50px; padding-bottom: 50px;\">\n<div class=\"col-md-6 col-sm-6 col-xs-12 col-lg-6\">\n<div style=\"padding: 10px 10px;\" class=\"bg-box\">\n<p class=\"\" style=\"text-align: center;\"><img loading=\"lazy\" decoding=\"async\" class=\"bg-img bg-img-circle alignnone wp-image-23615 size-medium\" style=\"margin: 20px 0;\" src=\"https:\/\/www.helpforafricanstudents.org\/wp-content\/uploads\/2022\/08\/dama2-281x300.png\" alt=\"\" width=\"281\" height=\"300\" srcset=\"https:\/\/www.helpforafricanstudents.org\/wp-content\/uploads\/2022\/08\/dama2-281x300.png 281w, https:\/\/www.helpforafricanstudents.org\/wp-content\/uploads\/2022\/08\/dama2.png 426w\" sizes=\"auto, (max-width: 281px) 100vw, 281px\" \/><\/p>\n<h4 class=\"color5-color\" style=\"text-align: center; text-transform: uppercase;\">dr damaris foping&nbsp;<\/h4>\n<p class=\"h5\" style=\"text-align: center; text-transform: uppercase;\">CEO<\/p>\n<p class=\"\" style=\"text-align: center; margin: 20px 0; font-size: .9em;\"><span style=\"color: #ffffff;\">Lorem ipsum dolor sit amet, consectetur adipiscing elit. Nullam eu dignissim tortor, sit amet bibendum lacus. Integer eu faucibus leo, non pharetra dui. Lorem ipsum dolor sit amet, consectetur adipiscing elit.<\/span><\/p>\n<p class=\"bg-social-icons inherit\" style=\"text-align: center; font-size: 25px;\"><a style=\"margin: 0 5px; text-decoration: none;\" href=\"#\"><i class=\"fa fa-instagram\" aria-hidden=\"true\"><span style=\"display: none;\">&nbsp;<\/span><\/i><\/a> <a style=\"margin: 0 5px; text-decoration: none;\" href=\"#\"><i class=\"fa fa-facebook-square\" aria-hidden=\"true\"><span style=\"display: none;\">&nbsp;<\/span><\/i><\/a> <a style=\"margin: 0 5px; text-decoration: none;\" href=\"#\"><i class=\"fa fa-twitter-square\" aria-hidden=\"true\"><span style=\"display: none;\">&nbsp;<\/span><\/i><\/a><\/p>\n<\/div>\n<\/div>\n<div class=\"col-md-6 col-sm-6 col-xs-12 col-lg-6\">\n<div style=\"padding: 10px 10px;\" class=\"bg-box\">\n<p class=\"\" style=\"text-align: center;\"><img loading=\"lazy\" decoding=\"async\" class=\"bg-img bg-img-circle alignnone wp-image-23616 size-medium\" style=\"margin: 20px 0;\" src=\"https:\/\/www.helpforafricanstudents.org\/wp-content\/uploads\/2022\/08\/laura2-300x298.png\" alt=\"\" width=\"300\" height=\"298\" srcset=\"https:\/\/www.helpforafricanstudents.org\/wp-content\/uploads\/2022\/08\/laura2-300x298.png 300w, https:\/\/www.helpforafricanstudents.org\/wp-content\/uploads\/2022\/08\/laura2-150x150.png 150w, https:\/\/www.helpforafricanstudents.org\/wp-content\/uploads\/2022\/08\/laura2.png 583w\" sizes=\"auto, (max-width: 300px) 100vw, 300px\" \/><\/p>\n<h4 class=\"color5-color\" style=\"text-align: center; text-transform: uppercase;\">dr laura crawford<\/h4>\n<p class=\"h5\" style=\"text-align: center; text-transform: uppercase;\">public relation director&nbsp;<\/p>\n<p class=\"\" style=\"text-align: center; margin: 20px 0; font-size: .9em;\"><span style=\"color: #ffffff;\">Lorem ipsum dolor sit amet, consectetur adipiscing elit. Nullam eu dignissim tortor, sit amet bibendum lacus. Integer eu faucibus leo, non pharetra dui. Lorem ipsum dolor sit amet, consectetur adipiscing elit.<\/span><\/p>\n<p class=\"bg-social-icons inherit\" style=\"text-align: center; font-size: 25px;\"><a style=\"margin: 0 5px; text-decoration: none;\" href=\"#\"><i class=\"fa fa-instagram\" aria-hidden=\"true\"><span style=\"display: none;\">&nbsp;<\/span><\/i><\/a> <a style=\"margin: 0 5px; text-decoration: none;\" href=\"#\"><i class=\"fa fa-facebook-square\" aria-hidden=\"true\"><span style=\"display: none;\">&nbsp;<\/span><\/i><\/a> <a style=\"margin: 0 5px; text-decoration: none;\" href=\"#\"><i class=\"fa fa-twitter-square\" aria-hidden=\"true\"><span style=\"display: none;\">&nbsp;<\/span><\/i><\/a><\/p>\n<\/div>\n<\/div>\n<\/div>\n<\/div>\n<\/div>\n<div class=\"boldgrid-section\">\n<div class=\"container\">\n<div class=\"row\">\n<div class=\"col-lg-12 col-md-12 col-xs-12 col-sm-12\">\n<p>&nbsp;<\/p>\n<\/div>\n<\/div>\n<\/div>\n<\/div>","protected":false},"excerpt":{"rendered":"<p>COIN BAC 2023 Ce site a \u00e9t\u00e9 cr\u00e9ee et est maintenu par l\u2019ONG am\u00e9ricaine HelpforAfricanStudents, Inc LE COIN DU FUTUR [&hellip;]<\/p>\n","protected":false},"author":1,"featured_media":0,"parent":0,"menu_order":0,"comment_status":"closed","ping_status":"closed","template":"","meta":{"_eb_attr":"","footnotes":""},"class_list":["post-23606","page","type-page","status-publish"],"_links":{"self":[{"href":"https:\/\/www.helpforafricanstudents.org\/fr\/wp-json\/wp\/v2\/pages\/23606","targetHints":{"allow":["GET"]}}],"collection":[{"href":"https:\/\/www.helpforafricanstudents.org\/fr\/wp-json\/wp\/v2\/pages"}],"about":[{"href":"https:\/\/www.helpforafricanstudents.org\/fr\/wp-json\/wp\/v2\/types\/page"}],"author":[{"embeddable":true,"href":"https:\/\/www.helpforafricanstudents.org\/fr\/wp-json\/wp\/v2\/users\/1"}],"replies":[{"embeddable":true,"href":"https:\/\/www.helpforafricanstudents.org\/fr\/wp-json\/wp\/v2\/comments?post=23606"}],"version-history":[{"count":10,"href":"https:\/\/www.helpforafricanstudents.org\/fr\/wp-json\/wp\/v2\/pages\/23606\/revisions"}],"predecessor-version":[{"id":23612,"href":"https:\/\/www.helpforafricanstudents.org\/fr\/wp-json\/wp\/v2\/pages\/23606\/revisions\/23612"}],"wp:attachment":[{"href":"https:\/\/www.helpforafricanstudents.org\/fr\/wp-json\/wp\/v2\/media?parent=23606"}],"curies":[{"name":"wp","href":"https:\/\/api.w.org\/{rel}","templated":true}]}}